{"id":38,"date":"2021-04-12T10:23:57","date_gmt":"2021-04-12T08:23:57","guid":{"rendered":"https:\/\/hrblue.com\/en\/?page_id=38"},"modified":"2025-09-17T13:13:42","modified_gmt":"2025-09-17T11:13:42","slug":"personalberatung-fuer-hr","status":"publish","type":"page","link":"https:\/\/hrblue.com\/en\/personalberatung-fuer-hr\/","title":{"rendered":"About us"},"content":{"rendered":"[vc_section][vc_row row_hide=&#8221;hidden-xs&#8221;][vc_column][vc_empty_space height=&#8221;50px&#8221;][\/vc_column][\/vc_row][vc_row css=&#8221;.vc_custom_1628156692376{background-position: center !important;background-repeat: no-repeat !important;background-size: cover !important;border-radius: 30px !important;}&#8221;][vc_column css=&#8221;.vc_custom_1627553215856{background-image: url(https:\/\/hrblue.com\/en\/wp-content\/uploads\/2021\/07\/hrblue-personalberatung-hr.jpg?id=8510) !important;}&#8221;][vc_row_inner][vc_column_inner width=&#8221;2\/3&#8243; css=&#8221;.vc_custom_1627379069745{margin-left: 100px !important;}&#8221;][vc_column_text css=&#8221;.vc_custom_1643798271214{margin-top: 130px !important;}&#8221;]\n<h1><span style=\"color: #ffffff;\">We recruit<br \/>\nHR managers and experts.<\/span><\/h1>\n[\/vc_column_text][vc_empty_space height=&#8221;20px&#8221;]<style>.ld_button_69e146d962dae.btn-icon-solid .btn-icon{background:rgb(255, 255, 255);}.ld_button_69e146d962dae.btn-icon-circle.btn-icon-ripple .btn-icon:before{border-color:rgb(255, 255, 255);}.ld_button_69e146d962dae{color:rgb(255, 255, 255);border-color:rgb(255, 255, 255);}.ld_button_69e146d962dae:hover{background-color:rgb(255, 255, 255);color:rgb(85, 85, 85);}<\/style><a href=\"https:\/\/hrblue.com\/en\/kontakt-hrblue\/\" title=\"Executive Search\" class=\"btn btn-default btn-xsm circle btn-bordered border-thin ld_button_69e146d962dae vc_custom_1644489630547\">\n\t<span>\n\t\t\n\t\t\t\t\t<span class=\"btn-txt\">Contact us<\/span>\n\t\t\t\n\t\t\t\t<\/span>\n<\/a>\n[\/vc_column_inner][vc_column_inner width=&#8221;1\/3&#8243;][\/vc_column_inner][\/vc_row_inner][vc_empty_space height=&#8221;150px&#8221;][\/vc_column][\/vc_row][\/vc_section][vc_row][vc_column][vc_empty_space height=&#8221;50px&#8221;][\/vc_column][\/vc_row][vc_row css=&#8221;.vc_custom_1619680666980{margin-bottom: 0px !important;}&#8221;][vc_column][vc_column_text]\n<h2 style=\"text-align: center;\">A leading HR executive search consultancy.<\/h2>\n[\/vc_column_text]<style>.ld_spacer_69e146d96344c{height:20px;}@media (min-width: 768px) { .ld_spacer_69e146d96344c{height:20px};}@media (min-width: 992px) { .ld_spacer_69e146d96344c{height:70px};}@media (min-width: 1200px) { .ld_spacer_69e146d96344c{height:70px};}<\/style>\n<div class=\"ld-empty-space ld_spacer_69e146d96344c\"><span class=\"liquid_empty_space_inner\"><\/span><\/div>[\/vc_column][\/vc_row][vc_row][vc_column width=&#8221;1\/2&#8243;][vc_single_image image=&#8221;512&#8243; img_size=&#8221;full&#8221; alignment=&#8221;center&#8221;][\/vc_column][vc_column width=&#8221;1\/2&#8243; align=&#8221;text-left&#8221;][vc_column_text]\n<h3>About HRblue<\/h3>\n[\/vc_column_text][vc_empty_space height=&#8221;10px&#8221;][vc_column_text]HRblue AG was founded in 2000 and stands for competence in HR management. For more than 25 years we have been a successful HR recruitment consultancy specialising in matching HR candidates with HR management and expert opportunities.<\/p>\n<p>Our clients are large and medium-sized enterprises in all industries with national and international sites. Based in Grasbrunn near Munich we work for clients throughout Germany.[\/vc_column_text][vc_empty_space height=&#8221;10px&#8221;]<style>.ld_button_69e146d9638a6.btn-icon-solid .btn-icon{background:rgb(85, 85, 85);}.ld_button_69e146d9638a6.btn-icon-circle.btn-icon-ripple .btn-icon:before{border-color:rgb(85, 85, 85);}.ld_button_69e146d9638a6.btn-icon-solid:hover .btn-icon{background:rgb(85, 85, 85);}.ld_button_69e146d9638a6{background-color:rgb(85, 85, 85);border-color:rgb(85, 85, 85);color:rgb(255, 255, 255);}.ld_button_69e146d9638a6:hover{background-color:rgb(85, 85, 85);border-color:rgb(85, 85, 85);}.ld_button_69e146d9638a6 .btn-gradient-bg-hover{background:-webkit-linear-gradient(to right, rgb(85, 85, 85) 0%, rgb(85, 85, 85) 100%);background:linear-gradient(to right, rgb(85, 85, 85) 0%, rgb(85, 85, 85) 100%);}.ld_button_69e146d9638a6 .btn-gradient-border defs stop:first-child{stop-color:rgb(85, 85, 85);}.ld_button_69e146d9638a6 .btn-gradient-border defs stop:last-child{stop-color:rgb(85, 85, 85);}.ld_button_69e146d9638a6:hover .btn-gradient-border defs stop:first-child{stop-color:rgb(85, 85, 85);}.ld_button_69e146d9638a6:hover .btn-gradient-border defs stop:last-child{stop-color:rgb(85, 85, 85);}<\/style><a href=\"https:\/\/hrblue.com\/en\/kontakt-hrblue\/\" title=\"contact\" class=\"btn btn-solid btn-xsm circle btn-bordered border-thin ld_button_69e146d9638a6 vc_custom_1645691760487\">\n\t<span>\n\t\t\n\t\t\t\t\t<span class=\"btn-txt\">Contact details<\/span>\n\t\t\t\n\t\t\t\t<\/span>\n<\/a>\n[\/vc_column][\/vc_row][vc_row][vc_column][vc_empty_space height=&#8221;40px&#8221;][\/vc_column][\/vc_row][vc_row][vc_column width=&#8221;1\/2&#8243;][vc_column_text css=&#8221;.vc_custom_1643798874359{margin-left: 10px !important;}&#8221;]\n<h3>Our range of services<\/h3>\n[\/vc_column_text][vc_empty_space height=&#8221;10px&#8221;][vc_column_text css=&#8221;.vc_custom_1643806704318{margin-left: 10px !important;}&#8221;]We offer HR executive search and professional search services to fill all types of HR vacancies:<\/p>\n<p>HR management positions \u2013 from members of the board and heads of HR to team leaders<br \/>\nHR business partners and HR generalists \u2013 from global to local<br \/>\nHR experts \u2013 from areas such as talent, recruiting, employer branding, compensation &amp; benefits, HR analytics, HR controlling<\/p>\n<p>Our HR interim management team supports our clients with their interim needs for HR management and HR expertise.[\/vc_column_text][vc_empty_space height=&#8221;10px&#8221;]<style>.ld_button_69e146d963a61.btn-icon-solid .btn-icon{background:rgb(85, 85, 85);}.ld_button_69e146d963a61.btn-icon-circle.btn-icon-ripple .btn-icon:before{border-color:rgb(85, 85, 85);}.ld_button_69e146d963a61.btn-icon-solid:hover .btn-icon{background:rgb(85, 85, 85);}.ld_button_69e146d963a61{background-color:rgb(85, 85, 85);border-color:rgb(85, 85, 85);color:rgb(255, 255, 255);}.ld_button_69e146d963a61:hover{background-color:rgb(85, 85, 85);border-color:rgb(85, 85, 85);}.ld_button_69e146d963a61 .btn-gradient-bg-hover{background:-webkit-linear-gradient(to right, rgb(85, 85, 85) 0%, rgb(85, 85, 85) 100%);background:linear-gradient(to right, rgb(85, 85, 85) 0%, rgb(85, 85, 85) 100%);}.ld_button_69e146d963a61 .btn-gradient-border defs stop:first-child{stop-color:rgb(85, 85, 85);}.ld_button_69e146d963a61 .btn-gradient-border defs stop:last-child{stop-color:rgb(85, 85, 85);}.ld_button_69e146d963a61:hover .btn-gradient-border defs stop:first-child{stop-color:rgb(85, 85, 85);}.ld_button_69e146d963a61:hover .btn-gradient-border defs stop:last-child{stop-color:rgb(85, 85, 85);}<\/style><a href=\"https:\/\/hrblue.com\/en\/kontakt-hrblue\/\" title=\"contact\" target=\"_blank\" class=\"btn btn-solid btn-xsm circle btn-bordered border-thin ld_button_69e146d963a61 vc_custom_1645692143420\">\n\t<span>\n\t\t\n\t\t\t\t\t<span class=\"btn-txt\">Contact details<\/span>\n\t\t\t\n\t\t\t\t<\/span>\n<\/a>\n<style>.ld_spacer_69e146d963b35{height:20px;}@media (min-width: 768px) { .ld_spacer_69e146d963b35{height:20px};}<\/style>\n<div class=\"ld-empty-space ld_spacer_69e146d963b35\"><span class=\"liquid_empty_space_inner\"><\/span><\/div>[\/vc_column][vc_column width=&#8221;1\/2&#8243;][vc_single_image image=&#8221;9919&#8243; img_size=&#8221;full&#8221; alignment=&#8221;center&#8221;][\/vc_column][\/vc_row][vc_row][vc_column][vc_empty_space height=&#8221;60px&#8221;][\/vc_column][\/vc_row][vc_row][vc_column][vc_column_text]\n<h2 style=\"text-align: center;\">Our Values<\/h2>\n[\/vc_column_text][vc_empty_space height=&#8221;30px&#8221;][\/vc_column][\/vc_row][vc_row gap=&#8221;30&#8243; equal_height=&#8221;yes&#8221;][vc_column width=&#8221;1\/3&#8243;][vc_row_inner enable_row_shadowbox=&#8221;yes&#8221; css=&#8221;.vc_custom_1618980527476{padding-top: 10px !important;padding-right: 10px !important;padding-bottom: 20px !important;padding-left: 10px !important;background-color: #ffffff !important;border-radius: 20px !important;}&#8221; row_box_shadow=&#8221;%5B%7B%22x_offset%22%3A%220px%22%2C%22y_offset%22%3A%220px%22%2C%22blur_radius%22%3A%2215px%22%2C%22shadow_color%22%3A%22rgba(0%2C0%2C0%2C0.1)%22%7D%5D&#8221;][vc_column_inner][vc_empty_space height=&#8221;15px&#8221;][vc_single_image image=&#8221;8515&#8243; img_size=&#8221;full&#8221; alignment=&#8221;center&#8221; style=&#8221;vc_box_rounded&#8221; css=&#8221;.vc_custom_1626072339063{margin-bottom: 20px !important;}&#8221;][vc_column_text]\n<h4>Trust<\/h4>\n<p>Dealing responsibly with confidential information is our top priority. Establishing trusting, long-term relationships with our clients, candidates and team is important to us and guides us in our service delivery.[\/vc_column_text][vc_empty_space height=&#8221;72px&#8221;][\/vc_column_inner][\/vc_row_inner]<style>.ld_spacer_69e146d963b85{height:20px;}@media (min-width: 768px) { .ld_spacer_69e146d963b85{height:20px};}<\/style>\n<div class=\"ld-empty-space ld_spacer_69e146d963b85\"><span class=\"liquid_empty_space_inner\"><\/span><\/div>[\/vc_column][vc_column width=&#8221;1\/3&#8243;][vc_row_inner enable_row_shadowbox=&#8221;yes&#8221; css=&#8221;.vc_custom_1618980527476{padding-top: 10px !important;padding-right: 10px !important;padding-bottom: 20px !important;padding-left: 10px !important;background-color: #ffffff !important;border-radius: 20px !important;}&#8221; row_box_shadow=&#8221;%5B%7B%22x_offset%22%3A%220px%22%2C%22y_offset%22%3A%220px%22%2C%22blur_radius%22%3A%2215px%22%2C%22shadow_color%22%3A%22rgba(0%2C0%2C0%2C0.1)%22%7D%5D&#8221;][vc_column_inner][vc_empty_space height=&#8221;15px&#8221;][vc_single_image image=&#8221;8516&#8243; img_size=&#8221;full&#8221; alignment=&#8221;center&#8221; style=&#8221;vc_box_rounded&#8221; css=&#8221;.vc_custom_1626072347595{margin-bottom: 20px !important;}&#8221;][vc_column_text]\n<h4>Benefit<\/h4>\n<p>Our competence is the result of our knowledge and experience. With our processes and consulting services we create clear added value for our clients and always meet their individual requirements. Specialising in HR roles, our team is made up of skilled and experienced HR consultants who are committed to filling your HR position.[\/vc_column_text][vc_empty_space height=&#8221;20px&#8221;][\/vc_column_inner][\/vc_row_inner]<style>.ld_spacer_69e146d963bbc{height:20px;}@media (min-width: 768px) { .ld_spacer_69e146d963bbc{height:20px};}<\/style>\n<div class=\"ld-empty-space ld_spacer_69e146d963bbc\"><span class=\"liquid_empty_space_inner\"><\/span><\/div>[\/vc_column][vc_column width=&#8221;1\/3&#8243;][vc_row_inner enable_row_shadowbox=&#8221;yes&#8221; css=&#8221;.vc_custom_1618980527476{padding-top: 10px !important;padding-right: 10px !important;padding-bottom: 20px !important;padding-left: 10px !important;background-color: #ffffff !important;border-radius: 20px !important;}&#8221; row_box_shadow=&#8221;%5B%7B%22x_offset%22%3A%220px%22%2C%22y_offset%22%3A%220px%22%2C%22blur_radius%22%3A%2215px%22%2C%22shadow_color%22%3A%22rgba(0%2C0%2C0%2C0.1)%22%7D%5D&#8221;][vc_column_inner][vc_empty_space height=&#8221;15px&#8221;][vc_single_image image=&#8221;8514&#8243; img_size=&#8221;full&#8221; alignment=&#8221;center&#8221; style=&#8221;vc_box_rounded&#8221; css=&#8221;.vc_custom_1626072355283{margin-bottom: 20px !important;}&#8221;][vc_column_text]\n<h4>Independence<\/h4>\n<p>Founded in 2000 as a public limited company (AG), HRblue is owner-managed and advises clients independently.[\/vc_column_text][vc_empty_space height=&#8221;115px&#8221;][\/vc_column_inner][\/vc_row_inner][\/vc_column][\/vc_row][vc_row content_placement=&#8221;middle&#8221;][vc_column align=&#8221;text-center&#8221;][vc_empty_space height=&#8221;20px&#8221;]<style>.ld_button_69e146d963c45.btn-icon-solid .btn-icon{background:rgb(85, 85, 85);}.ld_button_69e146d963c45.btn-icon-circle.btn-icon-ripple .btn-icon:before{border-color:rgb(85, 85, 85);}.ld_button_69e146d963c45.btn-icon-solid:hover .btn-icon{background:rgb(85, 85, 85);}.ld_button_69e146d963c45{background-color:rgb(85, 85, 85);border-color:rgb(85, 85, 85);color:rgb(255, 255, 255);}.ld_button_69e146d963c45:hover{background-color:rgb(85, 85, 85);border-color:rgb(85, 85, 85);}.ld_button_69e146d963c45 .btn-gradient-bg-hover{background:-webkit-linear-gradient(to right, rgb(85, 85, 85) 0%, rgb(85, 85, 85) 100%);background:linear-gradient(to right, rgb(85, 85, 85) 0%, rgb(85, 85, 85) 100%);}.ld_button_69e146d963c45 .btn-gradient-border defs stop:first-child{stop-color:rgb(85, 85, 85);}.ld_button_69e146d963c45 .btn-gradient-border defs stop:last-child{stop-color:rgb(85, 85, 85);}.ld_button_69e146d963c45:hover .btn-gradient-border defs stop:first-child{stop-color:rgb(85, 85, 85);}.ld_button_69e146d963c45:hover .btn-gradient-border defs stop:last-child{stop-color:rgb(85, 85, 85);}<\/style><a href=\"https:\/\/hrblue.com\/en\/kontakt-hrblue\/\" title=\"Kontakt\" class=\"btn btn-solid btn-xsm circle btn-bordered border-thin ld_button_69e146d963c45 vc_custom_1644489684305\">\n\t<span>\n\t\t\n\t\t\t\t\t<span class=\"btn-txt\">Contact us now<\/span>\n\t\t\t\n\t\t\t\t<\/span>\n<\/a>\n[vc_empty_space height=&#8221;60px&#8221;][\/vc_column][\/vc_row][vc_row][vc_column][vc_column_text]\n<h2 style=\"text-align: center;\">A selection of our clients<\/h2>\n[\/vc_column_text][vc_empty_space height=&#8221;30px&#8221;][vc_single_image image=&#8221;16065&#8243; img_size=&#8221;full&#8221; alignment=&#8221;center&#8221;][\/vc_column][\/vc_row][vc_row][vc_column]<style>.ld_spacer_69e146d963cee{height:30px;}@media (min-width: 768px) { .ld_spacer_69e146d963cee{height:30px};}@media (min-width: 992px) { .ld_spacer_69e146d963cee{height:60px};}@media (min-width: 1200px) { .ld_spacer_69e146d963cee{height:60px};}<\/style>\n<div class=\"ld-empty-space ld_spacer_69e146d963cee\"><span class=\"liquid_empty_space_inner\"><\/span><\/div>[\/vc_column][\/vc_row]","protected":false},"excerpt":{"rendered":"<p>[vc_section][vc_row row_hide=&#8221;hidden-xs&#8221;][vc_column][vc_empty_space height=&#8221;50px&#8221;][\/vc_column][\/vc_row][vc_row css=&#8221;.vc_custom_1628156692376{background-position: center !important;background-repeat: no-repeat !important;background-size: cover !important;border-radius: 30px !important;}&#8221;][vc_column css=&#8221;.vc_custom_1627553215856{background-image: url(https:\/\/hrblue.com\/en\/wp-content\/uploads\/2021\/07\/hrblue-personalberatung-hr.jpg?id=8510) !important;}&#8221;][vc_row_inner][vc_column_inner&#8230;<\/p>\n","protected":false},"author":1,"featured_media":0,"parent":0,"menu_order":0,"comment_status":"closed","ping_status":"closed","template":"","meta":{"footnotes":""},"class_list":["post-38","page","type-page","status-publish","hentry"],"acf":[],"yoast_head":"<!-- This site is optimized with the Yoast SEO plugin v18.0 - https:\/\/yoast.com\/wordpress\/plugins\/seo\/ -->\n<title>Personalberatung f\u00fcr HR - deutschlandweit, alle Branchen - HRblue<\/title>\n<meta name=\"description\" content=\"Personalberatung f\u00fcr HR - Besetzung Ihrer Vakanzen im Bereich Human Resources. Seit \u00fcber 20 Jahren spezialisiert - HRblue\" \/>\n<meta name=\"robots\" content=\"index, follow, max-snippet:-1, max-image-preview:large, max-video-preview:-1\" \/>\n<link rel=\"canonical\" href=\"https:\/\/hrblue.com\/en\/personalberatung-fuer-hr\/\" \/>\n<meta property=\"og:locale\" content=\"en_US\" \/>\n<meta property=\"og:type\" content=\"article\" \/>\n<meta property=\"og:title\" content=\"Personalberatung f\u00fcr HR - deutschlandweit, alle Branchen - HRblue\" \/>\n<meta property=\"og:description\" content=\"Personalberatung f\u00fcr HR - Besetzung Ihrer Vakanzen im Bereich Human Resources. Seit \u00fcber 20 Jahren spezialisiert - HRblue\" \/>\n<meta property=\"og:url\" content=\"https:\/\/hrblue.com\/en\/personalberatung-fuer-hr\/\" \/>\n<meta property=\"og:site_name\" content=\"HRblue\" \/>\n<meta property=\"article:modified_time\" content=\"2025-09-17T11:13:42+00:00\" \/>\n<meta name=\"twitter:card\" content=\"summary_large_image\" \/>\n<meta name=\"twitter:label1\" content=\"Est. reading time\" \/>\n\t<meta name=\"twitter:data1\" content=\"3 minutes\" \/>\n<script type=\"application\/ld+json\" class=\"yoast-schema-graph\">{\"@context\":\"https:\/\/schema.org\",\"@graph\":[{\"@type\":\"WebSite\",\"@id\":\"https:\/\/hrblue.com\/en\/#website\",\"url\":\"https:\/\/hrblue.com\/en\/\",\"name\":\"HRblue\",\"description\":\"\",\"potentialAction\":[{\"@type\":\"SearchAction\",\"target\":{\"@type\":\"EntryPoint\",\"urlTemplate\":\"https:\/\/hrblue.com\/en\/?s={search_term_string}\"},\"query-input\":\"required name=search_term_string\"}],\"inLanguage\":\"en-US\"},{\"@type\":\"WebPage\",\"@id\":\"https:\/\/hrblue.com\/en\/personalberatung-fuer-hr\/#webpage\",\"url\":\"https:\/\/hrblue.com\/en\/personalberatung-fuer-hr\/\",\"name\":\"Personalberatung f\u00fcr HR - deutschlandweit, alle Branchen - HRblue\",\"isPartOf\":{\"@id\":\"https:\/\/hrblue.com\/en\/#website\"},\"datePublished\":\"2021-04-12T08:23:57+00:00\",\"dateModified\":\"2025-09-17T11:13:42+00:00\",\"description\":\"Personalberatung f\u00fcr HR - Besetzung Ihrer Vakanzen im Bereich Human Resources. Seit \u00fcber 20 Jahren spezialisiert - HRblue\",\"breadcrumb\":{\"@id\":\"https:\/\/hrblue.com\/en\/personalberatung-fuer-hr\/#breadcrumb\"},\"inLanguage\":\"en-US\",\"potentialAction\":[{\"@type\":\"ReadAction\",\"target\":[\"https:\/\/hrblue.com\/en\/personalberatung-fuer-hr\/\"]}]},{\"@type\":\"BreadcrumbList\",\"@id\":\"https:\/\/hrblue.com\/en\/personalberatung-fuer-hr\/#breadcrumb\",\"itemListElement\":[{\"@type\":\"ListItem\",\"position\":1,\"name\":\"Startseite\",\"item\":\"https:\/\/hrblue.com\/en\/\"},{\"@type\":\"ListItem\",\"position\":2,\"name\":\"About us\"}]}]}<\/script>\n<!-- \/ Yoast SEO plugin. -->","yoast_head_json":{"title":"Personalberatung f\u00fcr HR - deutschlandweit, alle Branchen - HRblue","description":"Personalberatung f\u00fcr HR - Besetzung Ihrer Vakanzen im Bereich Human Resources. Seit \u00fcber 20 Jahren spezialisiert - HRblue","robots":{"index":"index","follow":"follow","max-snippet":"max-snippet:-1","max-image-preview":"max-image-preview:large","max-video-preview":"max-video-preview:-1"},"canonical":"https:\/\/hrblue.com\/en\/personalberatung-fuer-hr\/","og_locale":"en_US","og_type":"article","og_title":"Personalberatung f\u00fcr HR - deutschlandweit, alle Branchen - HRblue","og_description":"Personalberatung f\u00fcr HR - Besetzung Ihrer Vakanzen im Bereich Human Resources. Seit \u00fcber 20 Jahren spezialisiert - HRblue","og_url":"https:\/\/hrblue.com\/en\/personalberatung-fuer-hr\/","og_site_name":"HRblue","article_modified_time":"2025-09-17T11:13:42+00:00","twitter_card":"summary_large_image","twitter_misc":{"Est. reading time":"3 minutes"},"schema":{"@context":"https:\/\/schema.org","@graph":[{"@type":"WebSite","@id":"https:\/\/hrblue.com\/en\/#website","url":"https:\/\/hrblue.com\/en\/","name":"HRblue","description":"","potentialAction":[{"@type":"SearchAction","target":{"@type":"EntryPoint","urlTemplate":"https:\/\/hrblue.com\/en\/?s={search_term_string}"},"query-input":"required name=search_term_string"}],"inLanguage":"en-US"},{"@type":"WebPage","@id":"https:\/\/hrblue.com\/en\/personalberatung-fuer-hr\/#webpage","url":"https:\/\/hrblue.com\/en\/personalberatung-fuer-hr\/","name":"Personalberatung f\u00fcr HR - deutschlandweit, alle Branchen - HRblue","isPartOf":{"@id":"https:\/\/hrblue.com\/en\/#website"},"datePublished":"2021-04-12T08:23:57+00:00","dateModified":"2025-09-17T11:13:42+00:00","description":"Personalberatung f\u00fcr HR - Besetzung Ihrer Vakanzen im Bereich Human Resources. Seit \u00fcber 20 Jahren spezialisiert - HRblue","breadcrumb":{"@id":"https:\/\/hrblue.com\/en\/personalberatung-fuer-hr\/#breadcrumb"},"inLanguage":"en-US","potentialAction":[{"@type":"ReadAction","target":["https:\/\/hrblue.com\/en\/personalberatung-fuer-hr\/"]}]},{"@type":"BreadcrumbList","@id":"https:\/\/hrblue.com\/en\/personalberatung-fuer-hr\/#breadcrumb","itemListElement":[{"@type":"ListItem","position":1,"name":"Startseite","item":"https:\/\/hrblue.com\/en\/"},{"@type":"ListItem","position":2,"name":"About us"}]}]}},"_links":{"self":[{"href":"https:\/\/hrblue.com\/en\/wp-json\/wp\/v2\/pages\/38","targetHints":{"allow":["GET"]}}],"collection":[{"href":"https:\/\/hrblue.com\/en\/wp-json\/wp\/v2\/pages"}],"about":[{"href":"https:\/\/hrblue.com\/en\/wp-json\/wp\/v2\/types\/page"}],"author":[{"embeddable":true,"href":"https:\/\/hrblue.com\/en\/wp-json\/wp\/v2\/users\/1"}],"replies":[{"embeddable":true,"href":"https:\/\/hrblue.com\/en\/wp-json\/wp\/v2\/comments?post=38"}],"version-history":[{"count":162,"href":"https:\/\/hrblue.com\/en\/wp-json\/wp\/v2\/pages\/38\/revisions"}],"predecessor-version":[{"id":16066,"href":"https:\/\/hrblue.com\/en\/wp-json\/wp\/v2\/pages\/38\/revisions\/16066"}],"wp:attachment":[{"href":"https:\/\/hrblue.com\/en\/wp-json\/wp\/v2\/media?parent=38"}],"curies":[{"name":"wp","href":"https:\/\/api.w.org\/{rel}","templated":true}]}}